{"id":13172,"date":"2017-08-14T10:26:47","date_gmt":"2017-08-14T07:26:47","guid":{"rendered":"https:\/\/globe-clean.com\/esas\/"},"modified":"2024-02-26T13:24:45","modified_gmt":"2024-02-26T11:24:45","slug":"esas","status":"publish","type":"page","link":"https:\/\/globe-clean.com\/az\/","title":{"rendered":"\u018fsas"},"content":{"rendered":"<div class=\"wpb-content-wrapper\"><p>[vc_row gap=&#8221;10&#8243;][vc_column][vc_column_text]\n\t\t\t<!-- START \u0421\u043b\u0430\u0439\u0434\u0435\u0440 \u0433\u043b\u0430\u0432\u043d\u0430\u044f REVOLUTION SLIDER 6.6.20 --><p class=\"rs-p-wp-fix\"><\/p>\n\t\t\t<rs-module-wrap id=\"rev_slider_3_1_wrapper\" data-source=\"gallery\" style=\"visibility:hidden;background:#f6f5f5;padding:0;margin:0px auto;margin-top:0;margin-bottom:0;\">\n\t\t\t\t<rs-module id=\"rev_slider_3_1\" style=\"\" data-version=\"6.6.20\">\n\t\t\t\t\t<div class=\"rs_error_message_box\">\n\t\t\t\t\t\t<div class=\"rs_error_message_oops\">There is nothing to show here!<\/div>\n\t\t\t\t\t\t<div class=\"rs_error_message_content\">Make sure to add slides to the slider<\/div>\n\t\t\t\t\t<\/div>\n\t\t\t\t<\/rs-module>\n\t\t\t<\/rs-module-wrap>\n\t\t\t<script>\n\t\t\t\tvar rs_eslider = document.getElementById(\"rev_slider_3_1\");\n\t\t\t\trs_eslider.style.display = \"none\";\n\t\t\t\tconsole.log(\"Make sure to add slides to the slider\");\n\t\t\t<\/script>\n[\/vc_column_text][\/vc_column][vc_column][vc_empty_space height=&#8221;100px&#8221;]<div class=\"ts-heading heading-3 center\"><h3>M\u0259hsul kateqoriyalar\u0131<\/h3><\/div><div class=\"woocommerce\"><\/div>[\/vc_column][\/vc_row][vc_row][vc_column][vc_empty_space height=&#8221;150px&#8221;]<div class=\"ts-heading heading-3 center\"><h3>Payla\u015f\u0131mlar\u0131m\u0131z<\/h3><\/div>\t\t<div class=\"ts-image-gallery-wrapper ts-shortcode ts-slider\" data-nav=\"1\" data-autoplay=\"1\" data-columns=\"4\" data-margin=\"50\">\n\t\t\t\t\t\t<div class=\"images loading\">\n\t\t\t\t\t\t\t\t<div class=\"item \">\n\t\t\t\t\t<a class=\"prettyphoto\" href=\"https:\/\/globe-clean.com\/wp-content\/uploads\/2024\/02\/akcz1-1-scaled.jpg\" data-rel=\"prettyPhoto[ts-gallery-238753272]\" ><img loading=\"lazy\" decoding=\"async\" width=\"1024\" height=\"1024\" src=\"https:\/\/globe-clean.com\/wp-content\/uploads\/2024\/02\/akcz1-1-1024x1024.jpg\" class=\"attachment-large size-large\" alt=\"\" srcset=\"https:\/\/globe-clean.com\/wp-content\/uploads\/2024\/02\/akcz1-1-1024x1024.jpg 1024w, https:\/\/globe-clean.com\/wp-content\/uploads\/2024\/02\/akcz1-1-300x300.jpg 300w, https:\/\/globe-clean.com\/wp-content\/uploads\/2024\/02\/akcz1-1-150x150.jpg 150w, https:\/\/globe-clean.com\/wp-content\/uploads\/2024\/02\/akcz1-1-768x768.jpg 768w, https:\/\/globe-clean.com\/wp-content\/uploads\/2024\/02\/akcz1-1-100x100.jpg 100w, https:\/\/globe-clean.com\/wp-content\/uploads\/2024\/02\/akcz1-1-1536x1536.jpg 1536w, https:\/\/globe-clean.com\/wp-content\/uploads\/2024\/02\/akcz1-1-2048x2048.jpg 2048w, https:\/\/globe-clean.com\/wp-content\/uploads\/2024\/02\/akcz1-1-40x40.jpg 40w, https:\/\/globe-clean.com\/wp-content\/uploads\/2024\/02\/akcz1-1-500x500.jpg 500w, https:\/\/globe-clean.com\/wp-content\/uploads\/2024\/02\/akcz1-1-30x30.jpg 30w, https:\/\/globe-clean.com\/wp-content\/uploads\/2024\/02\/akcz1-1-600x600.jpg 600w\" sizes=\"auto, (max-width: 1024px) 100vw, 1024px\" \/><\/a>\t\t\t\t<\/div>\n\t\t\t\t\t\t\t\t<div class=\"item \">\n\t\t\t\t\t<a class=\"prettyphoto\" href=\"https:\/\/globe-clean.com\/wp-content\/uploads\/2024\/02\/akcz2-2-1-scaled.jpg\" data-rel=\"prettyPhoto[ts-gallery-238753272]\" ><img loading=\"lazy\" decoding=\"async\" width=\"1024\" height=\"1024\" src=\"https:\/\/globe-clean.com\/wp-content\/uploads\/2024\/02\/akcz2-2-1-1024x1024.jpg\" class=\"attachment-large size-large\" alt=\"\" srcset=\"https:\/\/globe-clean.com\/wp-content\/uploads\/2024\/02\/akcz2-2-1-1024x1024.jpg 1024w, https:\/\/globe-clean.com\/wp-content\/uploads\/2024\/02\/akcz2-2-1-300x300.jpg 300w, https:\/\/globe-clean.com\/wp-content\/uploads\/2024\/02\/akcz2-2-1-150x150.jpg 150w, https:\/\/globe-clean.com\/wp-content\/uploads\/2024\/02\/akcz2-2-1-768x768.jpg 768w, https:\/\/globe-clean.com\/wp-content\/uploads\/2024\/02\/akcz2-2-1-100x100.jpg 100w, https:\/\/globe-clean.com\/wp-content\/uploads\/2024\/02\/akcz2-2-1-1536x1536.jpg 1536w, https:\/\/globe-clean.com\/wp-content\/uploads\/2024\/02\/akcz2-2-1-2048x2048.jpg 2048w, https:\/\/globe-clean.com\/wp-content\/uploads\/2024\/02\/akcz2-2-1-40x40.jpg 40w, https:\/\/globe-clean.com\/wp-content\/uploads\/2024\/02\/akcz2-2-1-500x500.jpg 500w, https:\/\/globe-clean.com\/wp-content\/uploads\/2024\/02\/akcz2-2-1-30x30.jpg 30w, https:\/\/globe-clean.com\/wp-content\/uploads\/2024\/02\/akcz2-2-1-600x600.jpg 600w\" sizes=\"auto, (max-width: 1024px) 100vw, 1024px\" \/><\/a>\t\t\t\t<\/div>\n\t\t\t\t\t\t\t\t<div class=\"item \">\n\t\t\t\t\t<a class=\"prettyphoto\" href=\"https:\/\/globe-clean.com\/wp-content\/uploads\/2024\/02\/akcz2-3-1-scaled.jpg\" data-rel=\"prettyPhoto[ts-gallery-238753272]\" ><img loading=\"lazy\" decoding=\"async\" width=\"1024\" height=\"1024\" src=\"https:\/\/globe-clean.com\/wp-content\/uploads\/2024\/02\/akcz2-3-1-1024x1024.jpg\" class=\"attachment-large size-large\" alt=\"\" srcset=\"https:\/\/globe-clean.com\/wp-content\/uploads\/2024\/02\/akcz2-3-1-1024x1024.jpg 1024w, https:\/\/globe-clean.com\/wp-content\/uploads\/2024\/02\/akcz2-3-1-300x300.jpg 300w, https:\/\/globe-clean.com\/wp-content\/uploads\/2024\/02\/akcz2-3-1-150x150.jpg 150w, https:\/\/globe-clean.com\/wp-content\/uploads\/2024\/02\/akcz2-3-1-768x768.jpg 768w, https:\/\/globe-clean.com\/wp-content\/uploads\/2024\/02\/akcz2-3-1-100x100.jpg 100w, https:\/\/globe-clean.com\/wp-content\/uploads\/2024\/02\/akcz2-3-1-1536x1536.jpg 1536w, https:\/\/globe-clean.com\/wp-content\/uploads\/2024\/02\/akcz2-3-1-2048x2048.jpg 2048w, https:\/\/globe-clean.com\/wp-content\/uploads\/2024\/02\/akcz2-3-1-40x40.jpg 40w, https:\/\/globe-clean.com\/wp-content\/uploads\/2024\/02\/akcz2-3-1-500x500.jpg 500w, https:\/\/globe-clean.com\/wp-content\/uploads\/2024\/02\/akcz2-3-1-30x30.jpg 30w, https:\/\/globe-clean.com\/wp-content\/uploads\/2024\/02\/akcz2-3-1-600x600.jpg 600w\" sizes=\"auto, (max-width: 1024px) 100vw, 1024px\" \/><\/a>\t\t\t\t<\/div>\n\t\t\t\t\t\t\t\t<div class=\"item \">\n\t\t\t\t\t<a class=\"prettyphoto\" href=\"https:\/\/globe-clean.com\/wp-content\/uploads\/2024\/02\/akcz2-1-scaled.jpg\" data-rel=\"prettyPhoto[ts-gallery-238753272]\" ><img loading=\"lazy\" decoding=\"async\" width=\"1024\" height=\"1024\" src=\"https:\/\/globe-clean.com\/wp-content\/uploads\/2024\/02\/akcz2-1-1024x1024.jpg\" class=\"attachment-large size-large\" alt=\"\" srcset=\"https:\/\/globe-clean.com\/wp-content\/uploads\/2024\/02\/akcz2-1-1024x1024.jpg 1024w, https:\/\/globe-clean.com\/wp-content\/uploads\/2024\/02\/akcz2-1-300x300.jpg 300w, https:\/\/globe-clean.com\/wp-content\/uploads\/2024\/02\/akcz2-1-150x150.jpg 150w, https:\/\/globe-clean.com\/wp-content\/uploads\/2024\/02\/akcz2-1-768x768.jpg 768w, https:\/\/globe-clean.com\/wp-content\/uploads\/2024\/02\/akcz2-1-100x100.jpg 100w, https:\/\/globe-clean.com\/wp-content\/uploads\/2024\/02\/akcz2-1-1536x1536.jpg 1536w, https:\/\/globe-clean.com\/wp-content\/uploads\/2024\/02\/akcz2-1-2048x2048.jpg 2048w, https:\/\/globe-clean.com\/wp-content\/uploads\/2024\/02\/akcz2-1-40x40.jpg 40w, https:\/\/globe-clean.com\/wp-content\/uploads\/2024\/02\/akcz2-1-500x500.jpg 500w, https:\/\/globe-clean.com\/wp-content\/uploads\/2024\/02\/akcz2-1-30x30.jpg 30w, https:\/\/globe-clean.com\/wp-content\/uploads\/2024\/02\/akcz2-1-600x600.jpg 600w\" sizes=\"auto, (max-width: 1024px) 100vw, 1024px\" \/><\/a>\t\t\t\t<\/div>\n\t\t\t\t\t\t\t\t<div class=\"item \">\n\t\t\t\t\t<a class=\"prettyphoto\" href=\"https:\/\/globe-clean.com\/wp-content\/uploads\/2024\/02\/akcziya-scaled.jpg\" data-rel=\"prettyPhoto[ts-gallery-238753272]\" ><img loading=\"lazy\" decoding=\"async\" width=\"1024\" height=\"748\" src=\"https:\/\/globe-clean.com\/wp-content\/uploads\/2024\/02\/akcziya-1024x748.jpg\" class=\"attachment-large size-large\" alt=\"\" srcset=\"https:\/\/globe-clean.com\/wp-content\/uploads\/2024\/02\/akcziya-1024x748.jpg 1024w, https:\/\/globe-clean.com\/wp-content\/uploads\/2024\/02\/akcziya-300x219.jpg 300w, https:\/\/globe-clean.com\/wp-content\/uploads\/2024\/02\/akcziya-768x561.jpg 768w, https:\/\/globe-clean.com\/wp-content\/uploads\/2024\/02\/akcziya-1536x1121.jpg 1536w, https:\/\/globe-clean.com\/wp-content\/uploads\/2024\/02\/akcziya-2048x1495.jpg 2048w, https:\/\/globe-clean.com\/wp-content\/uploads\/2024\/02\/akcziya-600x438.jpg 600w\" sizes=\"auto, (max-width: 1024px) 100vw, 1024px\" \/><\/a>\t\t\t\t<\/div>\n\t\t\t\t\t\t\t<\/div>\n\t\t<\/div>\n\t\t[\/vc_column][\/vc_row][vc_row][vc_column][vc_empty_space height=&#8221;150px&#8221;]<div class=\"ts-heading heading-3 center\"><h3>Bizim mallar<\/h3><\/div><div class=\"woocommerce columns-4\"><\/div>[\/vc_column][\/vc_row][vc_row][vc_column][vc_empty_space height=&#8221;150px&#8221;]<div class=\"ts-heading heading-3 center\"><h3>Haqq\u0131m\u0131zda r\u0259y<\/h3><\/div>[\/vc_column][\/vc_row]<\/p>\n<\/div>","protected":false},"excerpt":{"rendered":"<p>[vc_row gap=&#8221;10&#8243;][vc_column][vc_column_text][\/vc_column_text][\/vc_column][vc_column][vc_empty_space height=&#8221;100px&#8221;][\/vc_column][\/vc_row][vc_row][vc_column][vc_empty_space height=&#8221;150px&#8221;][\/vc_column][\/vc_row][vc_row][vc_column][vc_empty_space height=&#8221;150px&#8221;][\/vc_column][\/vc_row][vc_row][vc_column][vc_empty_space height=&#8221;150px&#8221;][\/vc_column][\/vc_row]<\/p>\n","protected":false},"author":1,"featured_media":0,"parent":0,"menu_order":0,"comment_status":"closed","ping_status":"closed","template":"","meta":{"_bbp_topic_count":0,"_bbp_reply_count":0,"_bbp_total_topic_count":0,"_bbp_total_reply_count":0,"_bbp_voice_count":0,"_bbp_anonymous_reply_count":0,"_bbp_topic_count_hidden":0,"_bbp_reply_count_hidden":0,"_bbp_forum_subforum_count":0,"footnotes":""},"class_list":["post-13172","page","type-page","status-publish","hentry"],"_links":{"self":[{"href":"https:\/\/globe-clean.com\/az\/wp-json\/wp\/v2\/pages\/13172","targetHints":{"allow":["GET"]}}],"collection":[{"href":"https:\/\/globe-clean.com\/az\/wp-json\/wp\/v2\/pages"}],"about":[{"href":"https:\/\/globe-clean.com\/az\/wp-json\/wp\/v2\/types\/page"}],"author":[{"embeddable":true,"href":"https:\/\/globe-clean.com\/az\/wp-json\/wp\/v2\/users\/1"}],"replies":[{"embeddable":true,"href":"https:\/\/globe-clean.com\/az\/wp-json\/wp\/v2\/comments?post=13172"}],"version-history":[{"count":2,"href":"https:\/\/globe-clean.com\/az\/wp-json\/wp\/v2\/pages\/13172\/revisions"}],"predecessor-version":[{"id":13174,"href":"https:\/\/globe-clean.com\/az\/wp-json\/wp\/v2\/pages\/13172\/revisions\/13174"}],"wp:attachment":[{"href":"https:\/\/globe-clean.com\/az\/wp-json\/wp\/v2\/media?parent=13172"}],"curies":[{"name":"wp","href":"https:\/\/api.w.org\/{rel}","templated":true}]}}